{"id":126,"date":"2025-12-04T17:24:32","date_gmt":"2025-12-04T17:24:32","guid":{"rendered":"https:\/\/phantombuster.com\/legal\/?page_id=126"},"modified":"2025-12-05T13:31:01","modified_gmt":"2025-12-05T13:31:01","slug":"legal-notice","status":"publish","type":"page","link":"https:\/\/phantombuster.com\/legal\/legal-notice\/","title":{"rendered":"Legal Notice"},"content":{"rendered":"<h2><b>Publisher of the website<\/b><\/h2>\n<p><span style=\"font-weight: 400;\">The Phantom Company (Soci\u00e9t\u00e9 par actions simplifi\u00e9e) with a capital of 66,939 euros, registered with the Trade and Commerce Register of Paris under number 818 723\u00a0629.<\/span><\/p>\n<p>&nbsp;<\/p>\n<h2><b>Registered address\u00a0<\/b><\/h2>\n<p><span style=\"font-weight: 400;\">49 rue de Ponthieu, 75008 Paris, France.<\/span><\/p>\n<p>&nbsp;<\/p>\n<h2><b>Intra-community VAT number\u00a0<\/b><\/h2>\n<p><span style=\"font-weight: 400;\">FR46818723629<\/span><\/p>\n<p>&nbsp;<\/p>\n<h2><b>Legal Representatives of the Company<\/b><\/h2>\n<p><span style=\"font-weight: 400;\">Guillaume Boiret &#8211; Chief Executive Officer<\/span><\/p>\n<p>&nbsp;<\/p>\n<p><b>General contacts :<\/b><\/p>\n<p><span style=\"font-weight: 400;\"><br \/>\n<\/span><a href=\"mailto:contact@phantombuster.com\"><span style=\"font-weight: 400;\">contact@phantombuster.com<\/span><\/a> <span style=\"font-weight: 400;\"><br \/>\n<\/span><a href=\"mailto:support@phantombuster.com\"><span style=\"font-weight: 400;\">support@phantombuster.com<\/span><\/a><span style=\"font-weight: 400;\">\u00a0<\/span><\/p>\n<p>&nbsp;<\/p>\n<h2><b>Website hosting providers :\u00a0<\/b><\/h2>\n<table>\n<tbody>\n<tr>\n<td><b>Websites<\/b><\/td>\n<td><b>Hosting Provider<\/b><\/td>\n<td><b>Contact<\/b><\/td>\n<\/tr>\n<tr>\n<td>\n<ul>\n<li style=\"font-weight: 400;\" aria-level=\"1\"><a href=\"https:\/\/phantombuster.com\/\"><span style=\"font-weight: 400;\">https:\/\/phantombuster.com\/<\/span><\/a><span style=\"font-weight: 400;\">\u00a0<\/span><\/li>\n<\/ul>\n<ul>\n<li style=\"font-weight: 400;\" aria-level=\"1\"><a href=\"https:\/\/discover.phantombuster.com\/\"><span style=\"font-weight: 400;\">https:\/\/discover.phantombuster.com\/<\/span><\/a><span style=\"font-weight: 400;\">\u00a0<\/span><\/li>\n<\/ul>\n<ul>\n<li style=\"font-weight: 400;\" aria-level=\"1\"><a href=\"https:\/\/affiliates.phantombuster.com\/\"><span style=\"font-weight: 400;\">https:\/\/affiliates.phantombuster.com\/<\/span><\/a>&nbsp;<\/li>\n<li style=\"font-weight: 400;\" aria-level=\"1\"><a href=\"https:\/\/status.phantombuster.com\/\"><span style=\"font-weight: 400;\">https:\/\/status.phantombuster.com\/<\/span><\/a><span style=\"font-weight: 400;\">\u00a0<\/span><\/li>\n<\/ul>\n<\/td>\n<td><span style=\"font-weight: 400;\">Amazon Web Services EMEA SARL, 38 avenue John F. Kennedy, L-1855 Luxembourg<\/span><\/p>\n<p><a href=\"https:\/\/aws.amazon.com\"><span style=\"font-weight: 400;\">https:\/\/aws.amazon.com<\/span><\/a><span style=\"font-weight: 400;\">\u00a0<\/span><\/td>\n<td><a href=\"https:\/\/aws.amazon.com\"><span style=\"font-weight: 400;\">https:\/\/aws.amazon.com<\/span><\/a><span style=\"font-weight: 400;\">\u00a0<\/span><\/td>\n<\/tr>\n<tr>\n<td>\n<ul>\n<li style=\"font-weight: 400;\" aria-level=\"1\"><a href=\"https:\/\/coaches.phantombuster.com\/\"><span style=\"font-weight: 400;\">https:\/\/coaches.phantombuster.com\/<\/span><\/a><span style=\"font-weight: 400;\">\u00a0<\/span><\/li>\n<\/ul>\n<ul>\n<li style=\"font-weight: 400;\" aria-level=\"1\"><a href=\"https:\/\/phantom-devs.phantombuster.com\/\"><span style=\"font-weight: 400;\">https:\/\/phantom-devs.phantombuster.com\/<\/span><\/a><span style=\"font-weight: 400;\">\u00a0<\/span><\/li>\n<\/ul>\n<\/td>\n<td><span style=\"font-weight: 400;\">Vercel Inc.<\/span><\/p>\n<p><span style=\"font-weight: 400;\">340 S Lemon Avenue #4133<\/span><\/p>\n<p><span style=\"font-weight: 400;\">Walnut, CA 91789<\/span><\/p>\n<p><span style=\"font-weight: 400;\">United States<\/span><\/p>\n<p><a href=\"https:\/\/vercel.com\"><span style=\"font-weight: 400;\">https:\/\/vercel.com<\/span><\/a><span style=\"font-weight: 400;\">\u00a0<\/span><\/td>\n<td><a href=\"mailto:support@vercel.com\"><span style=\"font-weight: 400;\">support@vercel.com<\/span><\/a><span style=\"font-weight: 400;\">\u00a0<\/span><\/td>\n<\/tr>\n<tr>\n<td>\n<ul>\n<li style=\"font-weight: 400;\" aria-level=\"1\"><a href=\"https:\/\/support.phantombuster.com\/\"><span style=\"font-weight: 400;\">https:\/\/support.phantombuster.com\/<\/span><\/a><span style=\"font-weight: 400;\">\u00a0<\/span><\/li>\n<\/ul>\n<\/td>\n<td><span style=\"font-weight: 400;\">Zendesk, Inc.<\/span><\/p>\n<p><span style=\"font-weight: 400;\">989 Market Street<\/span><\/p>\n<p><span style=\"font-weight: 400;\">San Francisco, CA 94103<\/span><\/p>\n<p><span style=\"font-weight: 400;\">United States<\/span><\/p>\n<p><a href=\"https:\/\/www.zendesk.com\"><span style=\"font-weight: 400;\">https:\/\/www.zendesk.com<\/span><\/a><span style=\"font-weight: 400;\">\u00a0<\/span><\/td>\n<td><a href=\"mailto:support@zendesk.com\"><span style=\"font-weight: 400;\">support@zendesk.com<\/span><\/a><span style=\"font-weight: 400;\">\u00a0<\/span><\/td>\n<\/tr>\n<tr>\n<td>\n<ul>\n<li style=\"font-weight: 400;\" aria-level=\"1\"><a href=\"https:\/\/careers.phantombuster.com\/\"><span style=\"font-weight: 400;\">https:\/\/careers.phantombuster.com\/<\/span><\/a><span style=\"font-weight: 400;\">\u00a0<\/span><\/li>\n<\/ul>\n<\/td>\n<td><span style=\"font-weight: 400;\">TeamTailor AB<\/span><\/p>\n<p><span style=\"font-weight: 400;\">\u00d6stg\u00f6tagatan 16, 116 25 Stockholm, Sweden<\/span><\/p>\n<p><a href=\"https:\/\/www.teamtailor.com\"><span style=\"font-weight: 400;\">https:\/\/www.teamtailor.com<\/span><\/a><\/td>\n<td><a href=\"mailto:support@teamtailor.com\"><span style=\"font-weight: 400;\">support@teamtailor.com<\/span><\/a><span style=\"font-weight: 400;\">\u00a0<\/span><\/td>\n<\/tr>\n<tr>\n<td>\n<ul>\n<li style=\"font-weight: 400;\" aria-level=\"1\"><a href=\"https:\/\/hub.phantombuster.com\/\"><span style=\"font-weight: 400;\">https:\/\/hub.phantombuster.com\/<\/span><\/a><span style=\"font-weight: 400;\">\u00a0<\/span><\/li>\n<\/ul>\n<\/td>\n<td><span style=\"font-weight: 400;\">ReadMe, Inc., 633 Howard Street, San Francisco, CA 94105, \u00c9tats-Unis.<\/span><span style=\"font-weight: 400;\"><br \/>\n<\/span><a href=\"https:\/\/readme.com\"><span style=\"font-weight: 400;\">https:\/\/readme.com<\/span><\/a><span style=\"font-weight: 400;\">\u00a0<\/span><\/td>\n<td><a href=\"mailto:support@readme.io\"><span style=\"font-weight: 400;\">support@readme.io<\/span><\/a><span style=\"font-weight: 400;\">\u00a0<\/span><\/td>\n<\/tr>\n<tr>\n<td>\n<ul>\n<li style=\"font-weight: 400;\" aria-level=\"1\"><a href=\"https:\/\/academy.phantombuster.com\/\"><span style=\"font-weight: 400;\">https:\/\/academy.phantombuster.com\/<\/span><\/a><span style=\"font-weight: 400;\">\u00a0<\/span><\/li>\n<\/ul>\n<\/td>\n<td><span style=\"font-weight: 400;\">Thinkific Labs Inc.<\/span><\/p>\n<p><span style=\"font-weight: 400;\">369 Terminal Avenue, Suite 400<\/span><\/p>\n<p><span style=\"font-weight: 400;\">Vancouver, BC V6A 4C4<\/span><\/p>\n<p><span style=\"font-weight: 400;\">Canada<\/span><\/p>\n<p><a href=\"https:\/\/www.thinkific.com\"><span style=\"font-weight: 400;\">https:\/\/www.thinkific.com<\/span><\/a><span style=\"font-weight: 400;\">\u00a0<\/span><\/td>\n<td><a href=\"mailto:support@thinkific.com\"><span style=\"font-weight: 400;\">support@thinkific.com<\/span><\/a><span style=\"font-weight: 400;\">\u00a0<\/span><\/td>\n<\/tr>\n<\/tbody>\n<\/table>\n<p>&nbsp;<\/p>\n","protected":false},"excerpt":{"rendered":"<p>Publisher of the website The Phantom Company (Soci\u00e9t\u00e9 par actions simplifi\u00e9e) with a capital of 66,939 euros, registered with the Trade and Commerce Register of Paris under number 818 723\u00a0629. &nbsp; Registered address\u00a0 49 rue de Ponthieu, 75008 Paris, France. &nbsp; Intra-community VAT number\u00a0 FR46818723629 &nbsp; Legal Representatives of the Company Guillaume Boiret &#8211; Chief [&hellip;]<\/p>\n","protected":false},"author":2,"featured_media":0,"parent":0,"menu_order":0,"comment_status":"closed","ping_status":"closed","template":"","meta":{"footnotes":""},"class_list":["post-126","page","type-page","status-publish","hentry"],"_links":{"self":[{"href":"https:\/\/phantombuster.com\/legal\/wp-json\/wp\/v2\/pages\/126","targetHints":{"allow":["GET"]}}],"collection":[{"href":"https:\/\/phantombuster.com\/legal\/wp-json\/wp\/v2\/pages"}],"about":[{"href":"https:\/\/phantombuster.com\/legal\/wp-json\/wp\/v2\/types\/page"}],"author":[{"embeddable":true,"href":"https:\/\/phantombuster.com\/legal\/wp-json\/wp\/v2\/users\/2"}],"replies":[{"embeddable":true,"href":"https:\/\/phantombuster.com\/legal\/wp-json\/wp\/v2\/comments?post=126"}],"version-history":[{"count":17,"href":"https:\/\/phantombuster.com\/legal\/wp-json\/wp\/v2\/pages\/126\/revisions"}],"predecessor-version":[{"id":490,"href":"https:\/\/phantombuster.com\/legal\/wp-json\/wp\/v2\/pages\/126\/revisions\/490"}],"wp:attachment":[{"href":"https:\/\/phantombuster.com\/legal\/wp-json\/wp\/v2\/media?parent=126"}],"curies":[{"name":"wp","href":"https:\/\/api.w.org\/{rel}","templated":true}]}}